{"id":7,"date":"2020-01-03T10:09:22","date_gmt":"2020-01-03T07:09:22","guid":{"rendered":"https:\/\/techno-partner.com.ua\/?page_id=7"},"modified":"2021-04-09T16:00:31","modified_gmt":"2021-04-09T13:00:31","slug":"glavnaya","status":"publish","type":"page","link":"https:\/\/techno-partner.com.ua\/de\/","title":{"rendered":"Zuhause"},"content":{"rendered":"\n<div class=\"wp-block-cover has-background-dim\"><img loading=\"lazy\" width=\"2560\" height=\"1920\" class=\"wp-block-cover__image-background wp-image-270\" alt=\"\" src=\"https:\/\/techno-partner.com.ua\/wp-content\/uploads\/2021\/04\/liming-bar-1-6-scaled.jpg\" data-object-fit=\"cover\" srcset=\"https:\/\/techno-partner.com.ua\/wp-content\/uploads\/2021\/04\/liming-bar-1-6-scaled.jpg 2560w, https:\/\/techno-partner.com.ua\/wp-content\/uploads\/2021\/04\/liming-bar-1-6-300x225.jpg 300w, https:\/\/techno-partner.com.ua\/wp-content\/uploads\/2021\/04\/liming-bar-1-6-1024x768.jpg 1024w, https:\/\/techno-partner.com.ua\/wp-content\/uploads\/2021\/04\/liming-bar-1-6-768x576.jpg 768w, https:\/\/techno-partner.com.ua\/wp-content\/uploads\/2021\/04\/liming-bar-1-6-1536x1152.jpg 1536w, https:\/\/techno-partner.com.ua\/wp-content\/uploads\/2021\/04\/liming-bar-1-6-2048x1536.jpg 2048w\" sizes=\"(max-width: 2560px) 100vw, 2560px\" \/><div class=\"wp-block-cover__inner-container\">\n<p class=\"has-text-align-center has-large-font-size\">Zusammenbau<\/p>\n\n\n\n<p class=\"has-text-align-center has-large-font-size\">Bedienung<\/p>\n\n\n\n<p class=\"has-text-align-center has-large-font-size\">Reparatur von Ger\u00e4ten der Lebensmittelindustrie.<\/p>\n<\/div><\/div>\n\n\n\n<h2><strong>\u00dcber das Unternehmen<\/strong><\/h2>\n\n\n\n<p>Techno Partner LLC verf\u00fcgt \u00fcber langj\u00e4hrige Erfahrung in der Installation, Inbetriebnahme, Reparatur und Wartung von technologischen Ger\u00e4ten f\u00fcr die Herstellung von Getr\u00e4nken und Abf\u00fclllinien f\u00fcr die Lebensmittelindustrie im Bereich der Getr\u00e4nkeherstellung in Bereichen wie Brauen, Weinherstellung und Weichherstellung Getr\u00e4nke und andere. Unsere Kunden sind ukrainische Getr\u00e4nkehersteller und internationale Unternehmen.<br><\/p>\n\n\n\n<p>Das Unternehmen besteht aus hochqualifizierten Mitarbeitern, die \u00fcber umfangreiche Erfahrung mit dem Weltmarktf\u00fchrer KHS GmbH und anderen weltweit f\u00fchrenden Ger\u00e4teherstellern (Krones, SMI, Sidel, Nate, B\u00fchler, Ziemann, Huppmann usw.) verf\u00fcgen.<br><\/p>\n","protected":false},"excerpt":{"rendered":"<p>\u00dcber das Unternehmen Techno Partner LLC verf\u00fcgt \u00fcber langj\u00e4hrige Erfahrung in der Installation, Inbetriebnahme, Reparatur und Wartung von technologischen Ger\u00e4ten f\u00fcr die Herstellung von Getr\u00e4nken und Abf\u00fclllinien f\u00fcr die Lebensmittelindustrie im Bereich der Getr\u00e4nkeherstellung in Bereichen wie Brauen, Weinherstellung und Weichherstellung Getr\u00e4nke und andere. Unsere Kunden sind ukrainische Getr\u00e4nkehersteller und internationale Unternehmen. Das Unternehmen besteht [&hellip;]<\/p>\n","protected":false},"author":1,"featured_media":0,"parent":0,"menu_order":0,"comment_status":"closed","ping_status":"closed","template":"template-home.php","meta":[],"translation":{"provider":"WPGlobus","version":"2.7.1","language":"de","enabled_languages":["uk","en","de"],"languages":{"uk":{"title":true,"content":true,"excerpt":false},"en":{"title":true,"content":true,"excerpt":false},"de":{"title":true,"content":true,"excerpt":false}}},"_links":{"self":[{"href":"https:\/\/techno-partner.com.ua\/de\/wp-json\/wp\/v2\/pages\/7"}],"collection":[{"href":"https:\/\/techno-partner.com.ua\/de\/wp-json\/wp\/v2\/pages"}],"about":[{"href":"https:\/\/techno-partner.com.ua\/de\/wp-json\/wp\/v2\/types\/page"}],"author":[{"embeddable":true,"href":"https:\/\/techno-partner.com.ua\/de\/wp-json\/wp\/v2\/users\/1"}],"replies":[{"embeddable":true,"href":"https:\/\/techno-partner.com.ua\/de\/wp-json\/wp\/v2\/comments?post=7"}],"version-history":[{"count":39,"href":"https:\/\/techno-partner.com.ua\/de\/wp-json\/wp\/v2\/pages\/7\/revisions"}],"predecessor-version":[{"id":319,"href":"https:\/\/techno-partner.com.ua\/de\/wp-json\/wp\/v2\/pages\/7\/revisions\/319"}],"wp:attachment":[{"href":"https:\/\/techno-partner.com.ua\/de\/wp-json\/wp\/v2\/media?parent=7"}],"curies":[{"name":"wp","href":"https:\/\/api.w.org\/{rel}","templated":true}]}}