{"id":299,"date":"2021-04-08T18:45:13","date_gmt":"2021-04-08T15:45:13","guid":{"rendered":"https:\/\/techno-partner.com.ua\/?page_id=299"},"modified":"2021-04-13T11:19:15","modified_gmt":"2021-04-13T08:19:15","slug":"poslugy","status":"publish","type":"page","link":"https:\/\/techno-partner.com.ua\/de\/poslugy\/","title":{"rendered":"Dienstleistungen"},"content":{"rendered":"\n<p><strong>Arbeitstypen<br><\/strong><\/p>\n\n\n\n<ol class=\"has-normal-font-size\"><li>Installation von Prozessanlagen und Abf\u00fclllinien<br><br>Vollst\u00e4ndiger Satz an Installations- und Inbetriebnahmeservices:<br><br>&#8211; PET-Abf\u00fclllinien<br><br>&#8211; Linien zum Eingie\u00dfen von Getr\u00e4nken in eine Glasflasche<br><br>&#8211; Getr\u00e4nkeabf\u00fclllinien im Glas<br><br>&#8211; Fassabf\u00fclllinien<br><br>&#8211; Prozessausr\u00fcstung<br><br><ol start=\"2\"><li>Hardwaredienst:<br><br>&#8211; Aktuelle Hardwarewartung<br><br>&#8211; geplante Reparaturen von Ger\u00e4ten<br><br>&#8211; Beseitigen Sie Notstopps<br><br><ol start=\"3\"><li>Herstellung von Formatteilen f\u00fcr Abf\u00fcllanlagen &amp; nbsp; &amp; nbsp; &amp; nbsp; &amp; nbsp; &amp; nbsp; &amp; nbsp; &amp; nbsp;<\/li><li>Technische L\u00f6sungen f\u00fcr Modernisierung und Re -Ausr\u00fcstung der Ausr\u00fcstung<\/li><li>Durchf\u00fchrung technischer und technologischer Audits<\/li><li>Produktionsverfahrenstechnik<br><\/li><\/ol><\/li><\/ol><\/li><\/ol>\n","protected":false},"excerpt":{"rendered":"<p>Arbeitstypen Installation von Prozessanlagen und Abf\u00fclllinien Vollst\u00e4ndiger Satz an Installations- und Inbetriebnahmeservices: &#8211; PET-Abf\u00fclllinien &#8211; Linien zum Eingie\u00dfen von Getr\u00e4nken in eine Glasflasche &#8211; Getr\u00e4nkeabf\u00fclllinien im Glas &#8211; Fassabf\u00fclllinien &#8211; Prozessausr\u00fcstung Hardwaredienst: &#8211; Aktuelle Hardwarewartung &#8211; geplante Reparaturen von Ger\u00e4ten &#8211; Beseitigen Sie Notstopps Herstellung von Formatteilen f\u00fcr Abf\u00fcllanlagen &amp; nbsp; &amp; nbsp; &amp; nbsp; [&hellip;]<\/p>\n","protected":false},"author":1,"featured_media":0,"parent":0,"menu_order":0,"comment_status":"closed","ping_status":"closed","template":"","meta":[],"translation":{"provider":"WPGlobus","version":"2.7.1","language":"de","enabled_languages":["uk","en","de"],"languages":{"uk":{"title":true,"content":true,"excerpt":false},"en":{"title":true,"content":true,"excerpt":false},"de":{"title":true,"content":true,"excerpt":false}}},"_links":{"self":[{"href":"https:\/\/techno-partner.com.ua\/de\/wp-json\/wp\/v2\/pages\/299"}],"collection":[{"href":"https:\/\/techno-partner.com.ua\/de\/wp-json\/wp\/v2\/pages"}],"about":[{"href":"https:\/\/techno-partner.com.ua\/de\/wp-json\/wp\/v2\/types\/page"}],"author":[{"embeddable":true,"href":"https:\/\/techno-partner.com.ua\/de\/wp-json\/wp\/v2\/users\/1"}],"replies":[{"embeddable":true,"href":"https:\/\/techno-partner.com.ua\/de\/wp-json\/wp\/v2\/comments?post=299"}],"version-history":[{"count":9,"href":"https:\/\/techno-partner.com.ua\/de\/wp-json\/wp\/v2\/pages\/299\/revisions"}],"predecessor-version":[{"id":338,"href":"https:\/\/techno-partner.com.ua\/de\/wp-json\/wp\/v2\/pages\/299\/revisions\/338"}],"wp:attachment":[{"href":"https:\/\/techno-partner.com.ua\/de\/wp-json\/wp\/v2\/media?parent=299"}],"curies":[{"name":"wp","href":"https:\/\/api.w.org\/{rel}","templated":true}]}}